{"id":492,"date":"2014-02-19T18:04:32","date_gmt":"2014-02-19T17:04:32","guid":{"rendered":"http:\/\/www.daniel-ortiz.es\/coomonte\/fotografias\/semana-santa\/"},"modified":"2014-02-19T18:04:32","modified_gmt":"2014-02-19T17:04:32","slug":"semana-santa","status":"publish","type":"page","link":"http:\/\/www.ortizguerrero.com\/coomonte\/fotografias\/semana-santa\/","title":{"rendered":"Semana Santa"},"content":{"rendered":"<!-- default-view.php -->\n<div\n\tclass=\"ngg-galleryoverview default-view \n\t ngg-ajax-pagination-none\t\"\n\tid=\"ngg-gallery-10827c69336af85e41eacf9c8721da5f-1\">\n\n\t\t<!-- Thumbnails -->\n\t\t\t\t<div id=\"ngg-image-0\" class=\"ngg-gallery-thumbnail-box \n\t\t\t\t\t\t\t\t\t\t\t\" \n\t\t\t>\n\t\t\t\t\t\t<div class=\"ngg-gallery-thumbnail\">\n\t\t\t<a href=\"http:\/\/www.ortizguerrero.com\/coomonte\/wp-content\/gallery\/semana-santa\/color2.jpg\"\n\t\t\t\ttitle=\"El arco de Pascua en el encuentro entre el Resucitado y La Virgen. Se hizo por \u00faltima vez hace unos a\u00f1os, por iniciativa de la Asociaci\u00f3n Cultural Juco.\"\n\t\t\t\tdata-src=\"http:\/\/www.ortizguerrero.com\/coomonte\/wp-content\/gallery\/semana-santa\/color2.jpg\"\n\t\t\t\tdata-thumbnail=\"http:\/\/www.ortizguerrero.com\/coomonte\/wp-content\/gallery\/semana-santa\/thumbs\/thumbs_color2.jpg\"\n\t\t\t\tdata-image-id=\"326\"\n\t\t\t\tdata-title=\"arco2009\"\n\t\t\t\tdata-description=\"El arco de Pascua en el encuentro entre el Resucitado y La Virgen. Se hizo por \u00faltima vez hace unos a\u00f1os, por iniciativa de la Asociaci\u00f3n Cultural Juco.\"\n\t\t\t\tdata-image-slug=\"color2\"\n\t\t\t\tclass=\"ngg-fancybox\" rel=\"10827c69336af85e41eacf9c8721da5f\">\n\t\t\t\t<img\n\t\t\t\t\ttitle=\"arco2009\"\n\t\t\t\t\talt=\"arco2009\"\n\t\t\t\t\tsrc=\"http:\/\/www.ortizguerrero.com\/coomonte\/wp-content\/gallery\/semana-santa\/thumbs\/thumbs_color2.jpg\"\n\t\t\t\t\twidth=\"120\"\n\t\t\t\t\theight=\"90\"\n\t\t\t\t\tstyle=\"max-width:100%;\"\n\t\t\t\t\/>\n\t\t\t<\/a>\n\t\t<\/div>\n\t\t\t\t\t\t\t<\/div> \n\t\t\t\n\t\t\t\t<div id=\"ngg-image-1\" class=\"ngg-gallery-thumbnail-box \n\t\t\t\t\t\t\t\t\t\t\t\" \n\t\t\t>\n\t\t\t\t\t\t<div class=\"ngg-gallery-thumbnail\">\n\t\t\t<a href=\"http:\/\/www.ortizguerrero.com\/coomonte\/wp-content\/gallery\/semana-santa\/nazareno.jpg\"\n\t\t\t\ttitle=\"El Nazareno\"\n\t\t\t\tdata-src=\"http:\/\/www.ortizguerrero.com\/coomonte\/wp-content\/gallery\/semana-santa\/nazareno.jpg\"\n\t\t\t\tdata-thumbnail=\"http:\/\/www.ortizguerrero.com\/coomonte\/wp-content\/gallery\/semana-santa\/thumbs\/thumbs_nazareno.jpg\"\n\t\t\t\tdata-image-id=\"264\"\n\t\t\t\tdata-title=\"nazareno\"\n\t\t\t\tdata-description=\"El Nazareno\"\n\t\t\t\tdata-image-slug=\"nazareno\"\n\t\t\t\tclass=\"ngg-fancybox\" rel=\"10827c69336af85e41eacf9c8721da5f\">\n\t\t\t\t<img\n\t\t\t\t\ttitle=\"nazareno\"\n\t\t\t\t\talt=\"nazareno\"\n\t\t\t\t\tsrc=\"http:\/\/www.ortizguerrero.com\/coomonte\/wp-content\/gallery\/semana-santa\/thumbs\/thumbs_nazareno.jpg\"\n\t\t\t\t\twidth=\"120\"\n\t\t\t\t\theight=\"90\"\n\t\t\t\t\tstyle=\"max-width:100%;\"\n\t\t\t\t\/>\n\t\t\t<\/a>\n\t\t<\/div>\n\t\t\t\t\t\t\t<\/div> \n\t\t\t\n\t\t\t\t<div id=\"ngg-image-2\" class=\"ngg-gallery-thumbnail-box \n\t\t\t\t\t\t\t\t\t\t\t\" \n\t\t\t>\n\t\t\t\t\t\t<div class=\"ngg-gallery-thumbnail\">\n\t\t\t<a href=\"http:\/\/www.ortizguerrero.com\/coomonte\/wp-content\/gallery\/semana-santa\/imagen-007.jpg\"\n\t\t\t\ttitle=\"Procesi\u00f3n de La Carrera. 2002.\"\n\t\t\t\tdata-src=\"http:\/\/www.ortizguerrero.com\/coomonte\/wp-content\/gallery\/semana-santa\/imagen-007.jpg\"\n\t\t\t\tdata-thumbnail=\"http:\/\/www.ortizguerrero.com\/coomonte\/wp-content\/gallery\/semana-santa\/thumbs\/thumbs_imagen-007.jpg\"\n\t\t\t\tdata-image-id=\"263\"\n\t\t\t\tdata-title=\"imagen-007\"\n\t\t\t\tdata-description=\"Procesi\u00f3n de La Carrera. 2002.\"\n\t\t\t\tdata-image-slug=\"imagen-007-2\"\n\t\t\t\tclass=\"ngg-fancybox\" rel=\"10827c69336af85e41eacf9c8721da5f\">\n\t\t\t\t<img\n\t\t\t\t\ttitle=\"imagen-007\"\n\t\t\t\t\talt=\"imagen-007\"\n\t\t\t\t\tsrc=\"http:\/\/www.ortizguerrero.com\/coomonte\/wp-content\/gallery\/semana-santa\/thumbs\/thumbs_imagen-007.jpg\"\n\t\t\t\t\twidth=\"120\"\n\t\t\t\t\theight=\"90\"\n\t\t\t\t\tstyle=\"max-width:100%;\"\n\t\t\t\t\/>\n\t\t\t<\/a>\n\t\t<\/div>\n\t\t\t\t\t\t\t<\/div> \n\t\t\t\n\t\n\t<br style=\"clear: both\" \/>\n\n\t\t<div class=\"slideshowlink\">\n\t\t<a href='http:\/\/www.ortizguerrero.com\/coomonte\/fotografias\/semana-santa\/nggallery\/slideshow'>[Show slideshow]<\/a>\n\t\t\n\t<\/div>\n\t\n\t\t<!-- Pagination -->\n\t\t<div class='ngg-clear'><\/div>\t<\/div>\n\n","protected":false},"excerpt":{"rendered":"","protected":false},"author":1,"featured_media":1966,"parent":64,"menu_order":0,"comment_status":"open","ping_status":"open","template":"","meta":{"ngg_post_thumbnail":0,"footnotes":""},"_links":{"self":[{"href":"http:\/\/www.ortizguerrero.com\/coomonte\/wp-json\/wp\/v2\/pages\/492"}],"collection":[{"href":"http:\/\/www.ortizguerrero.com\/coomonte\/wp-json\/wp\/v2\/pages"}],"about":[{"href":"http:\/\/www.ortizguerrero.com\/coomonte\/wp-json\/wp\/v2\/types\/page"}],"author":[{"embeddable":true,"href":"http:\/\/www.ortizguerrero.com\/coomonte\/wp-json\/wp\/v2\/users\/1"}],"replies":[{"embeddable":true,"href":"http:\/\/www.ortizguerrero.com\/coomonte\/wp-json\/wp\/v2\/comments?post=492"}],"version-history":[{"count":0,"href":"http:\/\/www.ortizguerrero.com\/coomonte\/wp-json\/wp\/v2\/pages\/492\/revisions"}],"up":[{"embeddable":true,"href":"http:\/\/www.ortizguerrero.com\/coomonte\/wp-json\/wp\/v2\/pages\/64"}],"wp:featuredmedia":[{"embeddable":true,"href":"http:\/\/www.ortizguerrero.com\/coomonte\/wp-json\/wp\/v2\/media\/1966"}],"wp:attachment":[{"href":"http:\/\/www.ortizguerrero.com\/coomonte\/wp-json\/wp\/v2\/media?parent=492"}],"curies":[{"name":"wp","href":"https:\/\/api.w.org\/{rel}","templated":true}]}}